{"id":800,"date":"2024-07-09T14:37:16","date_gmt":"2024-07-09T11:37:16","guid":{"rendered":"https:\/\/fortal.ee\/power-of-attorney\/"},"modified":"2024-07-10T19:40:29","modified_gmt":"2024-07-10T16:40:29","slug":"power-of-attorney","status":"publish","type":"page","link":"https:\/\/fortal.ee\/en\/power-of-attorney\/","title":{"rendered":"Power of attorney"},"content":{"rendered":"\t\t<div data-elementor-type=\"wp-page\" data-elementor-id=\"800\" class=\"elementor elementor-800 elementor-794\" data-elementor-post-type=\"page\">\n\t\t\t\t<div class=\"elementor-element elementor-element-2e2a3b9 e-flex e-con-boxed e-con e-parent\" data-id=\"2e2a3b9\" data-element_type=\"container\" data-e-type=\"container\">\n\t\t\t\t\t<div class=\"e-con-inner\">\n\t\t\t\t<div class=\"elementor-element elementor-element-483fd42 elementor-widget__width-inherit elementor-widget elementor-widget-jet-form-builder-form\" data-id=\"483fd42\" data-element_type=\"widget\" data-e-type=\"widget\" data-widget_type=\"jet-form-builder-form.default\">\n\t\t\t\t<div class=\"elementor-widget-container\">\n\t\t\t\t\t<link rel='stylesheet' id='wp-block-library-css' href='https:\/\/fortal.ee\/wp-includes\/css\/dist\/block-library\/style.min.css?ver=6.9.4' media='all' \/>\n<style id=\"jet-form-builder-788-inline-css\"><\/style><form  class=\"jet-form-builder layout-column submit-type-reload\" action=\"https:\/\/fortal.ee\/en\/wp-json\/wp\/v2\/pages\/800\/?0mB0Sr=5Vq7wG2hwx&amp;method=reload\" method=\"POST\" data-form-id=\"788\" data-layout=\"column\" enctype=\"multipart\/form-data\" data-clear=\"1\" novalidate=\"null\" ssr_validation_method=\"rest\"><input type=\"hidden\" id=\"_wpnonce\" name=\"_wpnonce\" value=\"34b223839d\" \/><input type=\"hidden\" name=\"_wp_http_referer\" value=\"\/en\/wp-json\/wp\/v2\/pages\/800\" \/>\r\n<input type=\"hidden\" name=\"_jfb_current_render_states[]\" value=\"DEFAULT.STATE\" data-jfb-sync \/><input type=\"hidden\" class=\"jet-form-builder__field hidden-field\" name=\"_jet_engine_booking_form_id\" data-field-name=\"_jet_engine_booking_form_id\" value=\"788\">\n<input type=\"hidden\" class=\"jet-form-builder__field hidden-field\" name=\"_jet_engine_refer\" data-field-name=\"_jet_engine_refer\" value=\"https:\/\/fortal.ee\/en\/wp-json\/wp\/v2\/pages\/800\/\">\n<input type=\"hidden\" class=\"jet-form-builder__field hidden-field\" name=\"__queried_post_id\" data-field-name=\"__queried_post_id\" value=\"800\">\n\n<p class=\"has-black-color has-text-color has-link-color wp-elements-0857de9614e4e9cf49a022d9d561dfb1\">Fortal O\u00dc<br>Tondi tn 1,<br>11313 Tallinn\u00a0\u00a0\u00a0\u00a0\u00a0\u00a0\u00a0\u00a0\u00a0\u00a0\u00a0\u00a0\u00a0\u00a0\u00a0\u00a0\u00a0\u00a0\u00a0\u00a0\u00a0\u00a0\u00a0\u00a0\u00a0\u00a0\u00a0\u00a0\u00a0\u00a0\u00a0\u00a0\u00a0\u00a0\u00a0\u00a0\u00a0\u00a0\u00a0\u00a0\u00a0\u00a0\u00a0\u00a0\u00a0\u00a0\u00a0\u00a0\u00a0\u00a0\u00a0\u00a0\u00a0\u00a0\u00a0\u00a0\u00a0\u00a0\u00a0\u00a0\u00a0\u00a0\u00a0\u00a0 \u00a0\u00a0\u00a0\u00a0\u00a0\u00a0\u00a0\u00a0\u00a0\u00a0\u00a0\u00a0\u00a0\u00a0\u00a0\u00a0\u00a0\u00a0\u00a0\u00a0\u00a0\u00a0\u00a0\u00a0\u00a0\u00a0\u00a0\u00a0\u00a0\u00a0\u00a0\u00a0<\/p>\n\n\n\n<p class=\"has-text-align-center has-black-color has-text-color has-link-color wp-elements-83045ecf5031e00a16de1a7f79a26c2f\">V O L I K I R I<\/p>\n\n\n<div  class=\"jet-form-builder-row field-type-text-field\" >\n<div class=\"jet-form-builder__label\">\r\n<label class=\"jet-form-builder__label-text\" for=\"ettevotte_nimi\">Ettev\u00f5tte nimi <span class=\"jet-form-builder__required\">*<\/span><\/label><\/div><div class=\"jet-form-builder__field-wrap\">\n\t\t\t\t<input required=\"required\" name=\"ettevotte_nimi\" id=\"ettevotte_nimi\" type=\"text\" data-field-name=\"ettevotte_nimi\" class=\"jet-form-builder__field text-field\" data-jfb-sync=\"null\" autocomplete=\"off_HKryqOxa\">\n\t\t\t\t\t<\/div>\n<\/div>\n\n<div  class=\"jet-form-builder-row field-type-text-field\" >\n<div class=\"jet-form-builder__label\">\r\n<label class=\"jet-form-builder__label-text\" for=\"ettevotte_aadress\">Ettev\u00f5tte aadress <span class=\"jet-form-builder__required\">*<\/span><\/label><\/div><div class=\"jet-form-builder__field-wrap\">\n\t\t\t\t<input required=\"required\" name=\"ettevotte_aadress\" id=\"ettevotte_aadress\" type=\"text\" data-field-name=\"ettevotte_aadress\" class=\"jet-form-builder__field text-field\" data-jfb-sync=\"null\" autocomplete=\"off_rQfc4jOE\">\n\t\t\t\t\t<\/div>\n<\/div>\n\n\n<p class=\"has-black-color has-text-color has-link-color wp-elements-98a95fe0bd30d1076f5d55e82501c6f8\">oma seadusliku esindaja \u2013 juhatuse esimehe<\/p>\n\n\n<div  class=\"jet-form-builder-row field-type-text-field\" >\n<div class=\"jet-form-builder__label\">\r\n<label class=\"jet-form-builder__label-text\" for=\"volitaja_allkirja_oiguslik\">volitaja, allkirja \u00f5iguslik <span class=\"jet-form-builder__required\">*<\/span><\/label><\/div><div class=\"jet-form-builder__field-wrap\">\n\t\t\t\t<input required=\"required\" name=\"volitaja_allkirja_oiguslik\" id=\"volitaja_allkirja_oiguslik\" type=\"text\" data-field-name=\"volitaja_allkirja_oiguslik\" class=\"jet-form-builder__field text-field\" data-jfb-sync=\"null\" autocomplete=\"off_aCfHb56Q\">\n\t\t\t\t\t<\/div>\n<\/div>\n\n\n<p class=\"has-black-color has-text-color has-link-color wp-elements-e2e9db70ebabeb7383bc1a8cb2a44d21\">isikus, volitab<\/p>\n\n\n<div  class=\"jet-form-builder-row field-type-range-field\" >\n<div class=\"jet-form-builder__label\">\r\n<label class=\"jet-form-builder__label-text\" for=\"volitatavate_isikute_arv\">Volitatavate isikute arv<\/label><\/div><div class=\"jet-form-builder__field-wrap range-wrap\">\n\t\t<input type=\"range\" value=\"1\" class=\"jet-form-builder__field range-field\" min=\"1\" max=\"10\" step=\"1\" name=\"volitatavate_isikute_arv\" data-field-name=\"volitatavate_isikute_arv\" id=\"volitatavate_isikute_arv\" data-jfb-sync=\"null\">\n\t<div class=\"jet-form-builder__field-value range-value\">\n\t\t\t\t<span class=\"jet-form-builder__field-value-number\"><\/span>\n\t\t\t<\/div>\n\t<\/div><div class=\"jet-form-builder__desc\"><small>Liiguta slaiderit, et valida volitatavate isikute arv.<\/small><\/div>\n<\/div>\n\n<div  class=\"jet-form-builder-row field-type-repeater-field\" >\n<div class=\"jet-form-builder__label\">\r\n<div class=\"jet-form-builder__label-text\">Volitatavad isikud<\/div><\/div><div class=\"jet-form-builder__field-wrap\"><div data-repeater=\"1\" data-field-name=\"volitatavad_isikud\" name=\"volitatavad_isikud\" data-manage-items=\"dynamically\" data-items-field=\"volitatavate_isikute_arv\"  class=\"jet-form-builder-repeater jet-form-builder__field\" data-jfb-sync=\"null\">\n<template class=\"jet-form-builder-repeater__initial\"><div class=\"jet-form-builder-repeater__row\" data-repeater-row=\"1\"><div class=\"jet-form-builder-repeater__row-fields\">\n<div  class=\"jet-form-builder-row field-type-text-field\" >\n<div class=\"jet-form-builder__label\">\r\n<label class=\"jet-form-builder__label-text\" for=\"volitatavad_isikud___i___nimi1\">Nimi <span class=\"jet-form-builder__required\">*<\/span><\/label><\/div><div class=\"jet-form-builder__field-wrap\">\n\t\t\t\t<input required=\"required\" name=\"volitatavad_isikud[__i__][nimi1]\" id=\"volitatavad_isikud___i___nimi1\" type=\"text\" data-field-name=\"nimi1\" class=\"jet-form-builder__field text-field\" data-jfb-sync=\"null\" autocomplete=\"off_jKm6So0h\">\n\t\t\t\t\t<\/div>\n<\/div>\n\n<div  class=\"jet-form-builder-row field-type-text-field\" >\n<div class=\"jet-form-builder__label\">\r\n<label class=\"jet-form-builder__label-text\" for=\"volitatavad_isikud___i___isikukood1\">Isikukood <span class=\"jet-form-builder__required\">*<\/span><\/label><\/div><div class=\"jet-form-builder__field-wrap\">\n\t\t\t\t<input required=\"required\" name=\"volitatavad_isikud[__i__][isikukood1]\" id=\"volitatavad_isikud___i___isikukood1\" type=\"text\" data-field-name=\"isikukood1\" class=\"jet-form-builder__field text-field\" data-jfb-sync=\"null\" autocomplete=\"off_Fh4klEpX\">\n\t\t\t\t\t<\/div>\n<\/div>\n\n<div  class=\"jet-form-builder-row field-type-text-field\" >\n<div class=\"jet-form-builder__label\">\r\n<label class=\"jet-form-builder__label-text\" for=\"volitatavad_isikud___i___telefon1\">Telefon <span class=\"jet-form-builder__required\">*<\/span><\/label><\/div><div class=\"jet-form-builder__field-wrap\">\n\t\t\t\t<input required=\"required\" name=\"volitatavad_isikud[__i__][telefon1]\" id=\"volitatavad_isikud___i___telefon1\" type=\"text\" data-field-name=\"telefon1\" class=\"jet-form-builder__field text-field\" data-jfb-sync=\"null\" autocomplete=\"off_ob0kB9LI\">\n\t\t\t\t\t<\/div>\n<\/div>\n\n<div  class=\"jet-form-builder-row field-type-text-field\" >\n<div class=\"jet-form-builder__label\">\r\n<label class=\"jet-form-builder__label-text\" for=\"volitatavad_isikud___i___e_mail1\">E-mail <span class=\"jet-form-builder__required\">*<\/span><\/label><\/div><div class=\"jet-form-builder__field-wrap\">\n\t\t\t\t<input required=\"required\" name=\"volitatavad_isikud[__i__][e_mail1]\" id=\"volitatavad_isikud___i___e_mail1\" type=\"text\" data-field-name=\"e_mail1\" class=\"jet-form-builder__field text-field\" data-jfb-sync=\"null\" autocomplete=\"off_p9YKtvSe\">\n\t\t\t\t\t<\/div>\n<\/div>\n<\/div><\/div><\/template>\n<div class=\"jet-form-builder-repeater__items\"><\/div><\/div><\/div>\n<\/div>\n\n\n<p class=\"has-black-color has-text-color has-link-color wp-elements-2fc4d0ab76facf04e150a40cc1980eb5\">rentima seadmeid, tellima teenuseid Fortal O\u00dc rendipunktidest ja veebikeskonnas.<\/p>\n\n\n\n<p class=\"has-black-color has-text-color has-link-color wp-elements-aa599fc692f55b68c7bcae50a812d2a1\">Volikiri on kehtiv kuni t\u00e4htajani<\/p>\n\n\n<div  class=\"jet-form-builder-row field-type-text-field\" >\n<div class=\"jet-form-builder__label\">\r\n<label class=\"jet-form-builder__label-text\" for=\"tahtaeg_d_m_y\">T\u00e4htaeg (D\/M\/Y) <span class=\"jet-form-builder__required\">*<\/span><\/label><\/div><div class=\"jet-form-builder__field-wrap\">\n\t\t\t\t<input required=\"required\" name=\"tahtaeg_d_m_y\" id=\"tahtaeg_d_m_y\" type=\"text\" data-field-name=\"tahtaeg_d_m_y\" class=\"jet-form-builder__field text-field\" data-jfb-sync=\"null\" autocomplete=\"off_N5mEXnUd\">\n\t\t\t\t\t<\/div>\n<\/div>\n\n\n<p class=\"has-black-color has-text-color has-link-color wp-elements-892aaa622b3e526f34ea8d3c3ab2dc3d\">(kui t\u00e4htajatu siis kirjutada t\u00e4htajatu)<\/p>\n\n\n<div  class=\"jet-form-builder-row field-type-radio-field wp-block-jet-forms-radio-field\">\n<div class=\"jet-form-builder__label\">\r\n<div class=\"jet-form-builder__label-text\">K\u00e4esolev volikiri t\u00fchistab k\u00f5ik eelnevalt v\u00e4ljastatud volikirjad <span class=\"jet-form-builder__required\">*<\/span><\/div><\/div><div class=\"jet-form-builder__fields-group checkradio-wrap\" data-jfb-sync><div class=\"jet-form-builder__field-wrap radio-wrap checkradio-wrap\"><label class=\"jet-form-builder__field-label for-radio\">\n<input type=\"radio\" name=\"kaesolev_volikiri_tuhistab_koik_eelnevalt_valjastatud_volikirjad\" value=\"K\u00e4esolev volikiri t\u00fchistab k\u00f5ik eelnevalt v\u00e4ljastatud volikirjad.\" data-field-name=\"kaesolev_volikiri_tuhistab_koik_eelnevalt_valjastatud_volikirjad\"  class=\"jet-form-builder__field radio-field checkradio-field\" required=\"required\"><span>Jah<\/span><\/label><\/div><div class=\"jet-form-builder__field-wrap radio-wrap checkradio-wrap\"><label class=\"jet-form-builder__field-label for-radio\">\n<input type=\"radio\" name=\"kaesolev_volikiri_tuhistab_koik_eelnevalt_valjastatud_volikirjad\" value=\"K\u00e4esolev volikiri ei t\u00fchista k\u00f5iki eelnevalt v\u00e4ljastatud volikirjasid.\" data-field-name=\"kaesolev_volikiri_tuhistab_koik_eelnevalt_valjastatud_volikirjad\"  class=\"jet-form-builder__field radio-field checkradio-field\" required=\"required\"><span>Ei<\/span><\/label><\/div><\/div>\n<\/div>\n\n<div  class=\"jet-form-builder-row field-type-text-field\" >\n<div class=\"jet-form-builder__label\">\r\n<label class=\"jet-form-builder__label-text\" for=\"kontakttelefon\">Kontakttelefon <span class=\"jet-form-builder__required\">*<\/span><\/label><\/div><div class=\"jet-form-builder__field-wrap\">\n\t\t\t\t<input required=\"required\" name=\"kontakttelefon\" id=\"kontakttelefon\" type=\"text\" data-field-name=\"kontakttelefon\" class=\"jet-form-builder__field text-field\" data-jfb-sync=\"null\" autocomplete=\"off_fwuO5thg\">\n\t\t\t\t\t<\/div>\n<\/div>\n\n<div  class=\"jet-form-builder-row field-type-text-field\" >\n<div class=\"jet-form-builder__label\">\r\n<label class=\"jet-form-builder__label-text\" for=\"e_posti_aadress\">E-posti aadress <span class=\"jet-form-builder__required\">*<\/span><\/label><\/div><div class=\"jet-form-builder__field-wrap\">\n\t\t\t\t<input required=\"required\" name=\"e_posti_aadress\" id=\"e_posti_aadress\" type=\"text\" data-field-name=\"e_posti_aadress\" class=\"jet-form-builder__field text-field\" data-jfb-sync=\"null\" autocomplete=\"off_KomAxOky\">\n\t\t\t\t\t<\/div>\n<\/div>\n\n<div  class=\"jet-form-builder-row field-type-text-field\" >\n<div class=\"jet-form-builder__label\">\r\n<label class=\"jet-form-builder__label-text\" for=\"nimi\">Nimi <span class=\"jet-form-builder__required\">*<\/span><\/label><\/div><div class=\"jet-form-builder__field-wrap\">\n\t\t\t\t<input required=\"required\" name=\"nimi\" id=\"nimi\" type=\"text\" data-field-name=\"nimi\" class=\"jet-form-builder__field text-field\" data-jfb-sync=\"null\" autocomplete=\"off_M61SdbfJ\">\n\t\t\t\t\t<\/div>\n<\/div>\n\n\n<div style=\"height:30px\" aria-hidden=\"true\" class=\"wp-block-spacer\"><\/div>\n\n\n\n\n\n<div style=\"height:50px\" aria-hidden=\"true\" class=\"wp-block-spacer\"><\/div>\n\n\n<div class=\"jfb-visually-hidden\" tabindex=\"-1\"><div class=\"jet-form-builder__field-wrap\">\n\t\t\t\t<input name=\"email\" id=\"email\" type=\"email\" data-field-name=\"email\" class=\"jet-form-builder__field text-field\" data-jfb-sync=\"null\" autocomplete=\"off_N0L4sB91\">\n\t\t\t\t\t<\/div><\/div><div  class=\"jet-form-builder-row field-type-submit-field\" >\n\t<div data-type=\"submit\" class=\"jet-form-builder__action-button-wrapper jet-form-builder__submit-wrap\">\n\t<button class=\"jet-form-builder__action-button jet-form-builder__submit submit-type-reload\" type=\"submit\">Saada<\/button>\n\t<\/div>\n\t\n<\/div>\t<div class=\"jet-form-builder-messages-wrap\" data-form-id=\"788\"><\/div>\n<\/form>\n\t\t\t\t<\/div>\n\t\t\t\t<\/div>\n\t\t\t\t\t<\/div>\n\t\t\t\t<\/div>\n\t\t\t\t<\/div>\n\t\t","protected":false},"excerpt":{"rendered":"<p>RKM Team O\u00dcTondi tn 1,11313 Tallinn&nbsp;&nbsp;&nbsp;&nbsp;&nbsp;&nbsp;&nbsp;&nbsp;&nbsp;&nbsp;&nbsp;&nbsp;&nbsp;&nbsp;&nbsp;&nbsp;&nbsp;&nbsp;&nbsp;&nbsp;&nbsp;&nbsp;&nbsp;&nbsp;&nbsp;&nbsp;&nbsp;&nbsp;&nbsp;&nbsp;&nbsp;&nbsp;&nbsp;&nbsp;&nbsp;&nbsp;&nbsp;&nbsp;&nbsp;&nbsp;&nbsp;&nbsp;&nbsp;&nbsp;&nbsp;&nbsp;&nbsp;&nbsp;&nbsp;&nbsp;&nbsp;&nbsp;&nbsp;&nbsp;&nbsp;&nbsp;&nbsp;&nbsp;&nbsp;&nbsp;&nbsp;&nbsp;&nbsp;&nbsp; &nbsp;&nbsp;&nbsp;&nbsp;&nbsp;&nbsp;&nbsp;&nbsp;&nbsp;&nbsp;&nbsp;&nbsp;&nbsp;&nbsp;&nbsp;&nbsp;&nbsp;&nbsp;&nbsp;&nbsp;&nbsp;&nbsp;&nbsp;&nbsp;&nbsp;&nbsp;&nbsp;&nbsp;&nbsp;&nbsp;&nbsp;&nbsp; V O L I K I R I Ettev\u00f5tte nimi * Ettev\u00f5tte aadress * oma seadusliku esindaja \u2013 juhatuse esimehe volitaja, allkirja \u00f5iguslik * isikus, volitab Volitatavate isikute arv Volitatavad isikud Nimi * Isikukood * Telefon * E-mail * rentima seadmeid, tellima teenuseid RKM Team O\u00dc rendipunktidest ja [&hellip;]<\/p>\n","protected":false},"author":1,"featured_media":0,"parent":0,"menu_order":0,"comment_status":"closed","ping_status":"closed","template":"","meta":{"_acf_changed":false,"footnotes":""},"class_list":["post-800","page","type-page","status-publish","hentry"],"acf":[],"yoast_head":"<!-- This site is optimized with the Yoast SEO plugin v27.3 - https:\/\/yoast.com\/product\/yoast-seo-wordpress\/ -->\n<title>Power of attorney - Fortal<\/title>\n<meta name=\"robots\" content=\"index, follow, max-snippet:-1, max-image-preview:large, max-video-preview:-1\" \/>\n<link rel=\"canonical\" href=\"https:\/\/fortal.ee\/en\/power-of-attorney\/\" \/>\n<meta property=\"og:locale\" content=\"en_US\" \/>\n<meta property=\"og:type\" content=\"article\" \/>\n<meta property=\"og:title\" content=\"Power of attorney - Fortal\" \/>\n<meta property=\"og:description\" content=\"RKM Team O\u00dcTondi tn 1,11313 Tallinn&nbsp;&nbsp;&nbsp;&nbsp;&nbsp;&nbsp;&nbsp;&nbsp;&nbsp;&nbsp;&nbsp;&nbsp;&nbsp;&nbsp;&nbsp;&nbsp;&nbsp;&nbsp;&nbsp;&nbsp;&nbsp;&nbsp;&nbsp;&nbsp;&nbsp;&nbsp;&nbsp;&nbsp;&nbsp;&nbsp;&nbsp;&nbsp;&nbsp;&nbsp;&nbsp;&nbsp;&nbsp;&nbsp;&nbsp;&nbsp;&nbsp;&nbsp;&nbsp;&nbsp;&nbsp;&nbsp;&nbsp;&nbsp;&nbsp;&nbsp;&nbsp;&nbsp;&nbsp;&nbsp;&nbsp;&nbsp;&nbsp;&nbsp;&nbsp;&nbsp;&nbsp;&nbsp;&nbsp;&nbsp; &nbsp;&nbsp;&nbsp;&nbsp;&nbsp;&nbsp;&nbsp;&nbsp;&nbsp;&nbsp;&nbsp;&nbsp;&nbsp;&nbsp;&nbsp;&nbsp;&nbsp;&nbsp;&nbsp;&nbsp;&nbsp;&nbsp;&nbsp;&nbsp;&nbsp;&nbsp;&nbsp;&nbsp;&nbsp;&nbsp;&nbsp;&nbsp; V O L I K I R I Ettev\u00f5tte nimi * Ettev\u00f5tte aadress * oma seadusliku esindaja \u2013 juhatuse esimehe volitaja, allkirja \u00f5iguslik * isikus, volitab Volitatavate isikute arv Volitatavad isikud Nimi * Isikukood * Telefon * E-mail * rentima seadmeid, tellima teenuseid RKM Team O\u00dc rendipunktidest ja [&hellip;]\" \/>\n<meta property=\"og:url\" content=\"https:\/\/fortal.ee\/en\/power-of-attorney\/\" \/>\n<meta property=\"og:site_name\" content=\"Fortal\" \/>\n<meta property=\"article:publisher\" content=\"https:\/\/www.facebook.com\/fortal.rent.eesti\" \/>\n<meta property=\"article:modified_time\" content=\"2024-07-10T16:40:29+00:00\" \/>\n<meta name=\"twitter:card\" content=\"summary_large_image\" \/>\n<meta name=\"twitter:label1\" content=\"Est. reading time\" \/>\n\t<meta name=\"twitter:data1\" content=\"1 minute\" \/>\n<script type=\"application\/ld+json\" class=\"yoast-schema-graph\">{\"@context\":\"https:\\\/\\\/schema.org\",\"@graph\":[{\"@type\":\"WebPage\",\"@id\":\"https:\\\/\\\/fortal.ee\\\/en\\\/power-of-attorney\\\/\",\"url\":\"https:\\\/\\\/fortal.ee\\\/en\\\/power-of-attorney\\\/\",\"name\":\"Power of attorney - Fortal\",\"isPartOf\":{\"@id\":\"https:\\\/\\\/fortal.ee\\\/en\\\/#website\"},\"datePublished\":\"2024-07-09T11:37:16+00:00\",\"dateModified\":\"2024-07-10T16:40:29+00:00\",\"breadcrumb\":{\"@id\":\"https:\\\/\\\/fortal.ee\\\/en\\\/power-of-attorney\\\/#breadcrumb\"},\"inLanguage\":\"en-US\",\"potentialAction\":[{\"@type\":\"ReadAction\",\"target\":[\"https:\\\/\\\/fortal.ee\\\/en\\\/power-of-attorney\\\/\"]}]},{\"@type\":\"BreadcrumbList\",\"@id\":\"https:\\\/\\\/fortal.ee\\\/en\\\/power-of-attorney\\\/#breadcrumb\",\"itemListElement\":[{\"@type\":\"ListItem\",\"position\":1,\"name\":\"Home\",\"item\":\"https:\\\/\\\/fortal.ee\\\/en\\\/\"},{\"@type\":\"ListItem\",\"position\":2,\"name\":\"Power of attorney\"}]},{\"@type\":\"WebSite\",\"@id\":\"https:\\\/\\\/fortal.ee\\\/en\\\/#website\",\"url\":\"https:\\\/\\\/fortal.ee\\\/en\\\/\",\"name\":\"Fortal rasketehnika rent\",\"description\":\"Heavy equipment and construction equipment rental\",\"publisher\":{\"@id\":\"https:\\\/\\\/fortal.ee\\\/en\\\/#organization\"},\"potentialAction\":[{\"@type\":\"SearchAction\",\"target\":{\"@type\":\"EntryPoint\",\"urlTemplate\":\"https:\\\/\\\/fortal.ee\\\/en\\\/?s={search_term_string}\"},\"query-input\":{\"@type\":\"PropertyValueSpecification\",\"valueRequired\":true,\"valueName\":\"search_term_string\"}}],\"inLanguage\":\"en-US\"},{\"@type\":\"Organization\",\"@id\":\"https:\\\/\\\/fortal.ee\\\/en\\\/#organization\",\"name\":\"RKM Team O\u00dc\",\"url\":\"https:\\\/\\\/fortal.ee\\\/en\\\/\",\"logo\":{\"@type\":\"ImageObject\",\"inLanguage\":\"en-US\",\"@id\":\"https:\\\/\\\/fortal.ee\\\/en\\\/#\\\/schema\\\/logo\\\/image\\\/\",\"url\":\"https:\\\/\\\/fortal.ee\\\/wp-content\\\/uploads\\\/2024\\\/05\\\/fortal.svg\",\"contentUrl\":\"https:\\\/\\\/fortal.ee\\\/wp-content\\\/uploads\\\/2024\\\/05\\\/fortal.svg\",\"width\":245,\"height\":63,\"caption\":\"RKM Team O\u00dc\"},\"image\":{\"@id\":\"https:\\\/\\\/fortal.ee\\\/en\\\/#\\\/schema\\\/logo\\\/image\\\/\"},\"sameAs\":[\"https:\\\/\\\/www.facebook.com\\\/fortal.rent.eesti\",\"https:\\\/\\\/www.instagram.com\\\/fortalrent\",\"https:\\\/\\\/www.youtube.com\\\/@FortalRent\"]}]}<\/script>\n<!-- \/ Yoast SEO plugin. -->","yoast_head_json":{"title":"Power of attorney - Fortal","robots":{"index":"index","follow":"follow","max-snippet":"max-snippet:-1","max-image-preview":"max-image-preview:large","max-video-preview":"max-video-preview:-1"},"canonical":"https:\/\/fortal.ee\/en\/power-of-attorney\/","og_locale":"en_US","og_type":"article","og_title":"Power of attorney - Fortal","og_description":"RKM Team O\u00dcTondi tn 1,11313 Tallinn&nbsp;&nbsp;&nbsp;&nbsp;&nbsp;&nbsp;&nbsp;&nbsp;&nbsp;&nbsp;&nbsp;&nbsp;&nbsp;&nbsp;&nbsp;&nbsp;&nbsp;&nbsp;&nbsp;&nbsp;&nbsp;&nbsp;&nbsp;&nbsp;&nbsp;&nbsp;&nbsp;&nbsp;&nbsp;&nbsp;&nbsp;&nbsp;&nbsp;&nbsp;&nbsp;&nbsp;&nbsp;&nbsp;&nbsp;&nbsp;&nbsp;&nbsp;&nbsp;&nbsp;&nbsp;&nbsp;&nbsp;&nbsp;&nbsp;&nbsp;&nbsp;&nbsp;&nbsp;&nbsp;&nbsp;&nbsp;&nbsp;&nbsp;&nbsp;&nbsp;&nbsp;&nbsp;&nbsp;&nbsp; &nbsp;&nbsp;&nbsp;&nbsp;&nbsp;&nbsp;&nbsp;&nbsp;&nbsp;&nbsp;&nbsp;&nbsp;&nbsp;&nbsp;&nbsp;&nbsp;&nbsp;&nbsp;&nbsp;&nbsp;&nbsp;&nbsp;&nbsp;&nbsp;&nbsp;&nbsp;&nbsp;&nbsp;&nbsp;&nbsp;&nbsp;&nbsp; V O L I K I R I Ettev\u00f5tte nimi * Ettev\u00f5tte aadress * oma seadusliku esindaja \u2013 juhatuse esimehe volitaja, allkirja \u00f5iguslik * isikus, volitab Volitatavate isikute arv Volitatavad isikud Nimi * Isikukood * Telefon * E-mail * rentima seadmeid, tellima teenuseid RKM Team O\u00dc rendipunktidest ja [&hellip;]","og_url":"https:\/\/fortal.ee\/en\/power-of-attorney\/","og_site_name":"Fortal","article_publisher":"https:\/\/www.facebook.com\/fortal.rent.eesti","article_modified_time":"2024-07-10T16:40:29+00:00","twitter_card":"summary_large_image","twitter_misc":{"Est. reading time":"1 minute"},"schema":{"@context":"https:\/\/schema.org","@graph":[{"@type":"WebPage","@id":"https:\/\/fortal.ee\/en\/power-of-attorney\/","url":"https:\/\/fortal.ee\/en\/power-of-attorney\/","name":"Power of attorney - Fortal","isPartOf":{"@id":"https:\/\/fortal.ee\/en\/#website"},"datePublished":"2024-07-09T11:37:16+00:00","dateModified":"2024-07-10T16:40:29+00:00","breadcrumb":{"@id":"https:\/\/fortal.ee\/en\/power-of-attorney\/#breadcrumb"},"inLanguage":"en-US","potentialAction":[{"@type":"ReadAction","target":["https:\/\/fortal.ee\/en\/power-of-attorney\/"]}]},{"@type":"BreadcrumbList","@id":"https:\/\/fortal.ee\/en\/power-of-attorney\/#breadcrumb","itemListElement":[{"@type":"ListItem","position":1,"name":"Home","item":"https:\/\/fortal.ee\/en\/"},{"@type":"ListItem","position":2,"name":"Power of attorney"}]},{"@type":"WebSite","@id":"https:\/\/fortal.ee\/en\/#website","url":"https:\/\/fortal.ee\/en\/","name":"Fortal rasketehnika rent","description":"Heavy equipment and construction equipment rental","publisher":{"@id":"https:\/\/fortal.ee\/en\/#organization"},"potentialAction":[{"@type":"SearchAction","target":{"@type":"EntryPoint","urlTemplate":"https:\/\/fortal.ee\/en\/?s={search_term_string}"},"query-input":{"@type":"PropertyValueSpecification","valueRequired":true,"valueName":"search_term_string"}}],"inLanguage":"en-US"},{"@type":"Organization","@id":"https:\/\/fortal.ee\/en\/#organization","name":"RKM Team O\u00dc","url":"https:\/\/fortal.ee\/en\/","logo":{"@type":"ImageObject","inLanguage":"en-US","@id":"https:\/\/fortal.ee\/en\/#\/schema\/logo\/image\/","url":"https:\/\/fortal.ee\/wp-content\/uploads\/2024\/05\/fortal.svg","contentUrl":"https:\/\/fortal.ee\/wp-content\/uploads\/2024\/05\/fortal.svg","width":245,"height":63,"caption":"RKM Team O\u00dc"},"image":{"@id":"https:\/\/fortal.ee\/en\/#\/schema\/logo\/image\/"},"sameAs":["https:\/\/www.facebook.com\/fortal.rent.eesti","https:\/\/www.instagram.com\/fortalrent","https:\/\/www.youtube.com\/@FortalRent"]}]}},"_links":{"self":[{"href":"https:\/\/fortal.ee\/en\/wp-json\/wp\/v2\/pages\/800","targetHints":{"allow":["GET"]}}],"collection":[{"href":"https:\/\/fortal.ee\/en\/wp-json\/wp\/v2\/pages"}],"about":[{"href":"https:\/\/fortal.ee\/en\/wp-json\/wp\/v2\/types\/page"}],"author":[{"embeddable":true,"href":"https:\/\/fortal.ee\/en\/wp-json\/wp\/v2\/users\/1"}],"replies":[{"embeddable":true,"href":"https:\/\/fortal.ee\/en\/wp-json\/wp\/v2\/comments?post=800"}],"version-history":[{"count":3,"href":"https:\/\/fortal.ee\/en\/wp-json\/wp\/v2\/pages\/800\/revisions"}],"predecessor-version":[{"id":880,"href":"https:\/\/fortal.ee\/en\/wp-json\/wp\/v2\/pages\/800\/revisions\/880"}],"wp:attachment":[{"href":"https:\/\/fortal.ee\/en\/wp-json\/wp\/v2\/media?parent=800"}],"curies":[{"name":"wp","href":"https:\/\/api.w.org\/{rel}","templated":true}]}}