{"id":745,"date":"2024-07-09T12:50:23","date_gmt":"2024-07-09T09:50:23","guid":{"rendered":"https:\/\/fortal.ee\/cooperation-agreement\/"},"modified":"2024-07-10T19:41:22","modified_gmt":"2024-07-10T16:41:22","slug":"cooperation-agreement","status":"publish","type":"page","link":"https:\/\/fortal.ee\/en\/cooperation-agreement\/","title":{"rendered":"Cooperation agreement"},"content":{"rendered":"\t\t<div data-elementor-type=\"wp-page\" data-elementor-id=\"745\" class=\"elementor elementor-745 elementor-739\" data-elementor-post-type=\"page\">\n\t\t\t\t<div class=\"elementor-element elementor-element-6e0f983 e-flex e-con-boxed e-con e-parent\" data-id=\"6e0f983\" data-element_type=\"container\" data-e-type=\"container\">\n\t\t\t\t\t<div class=\"e-con-inner\">\n\t\t\t\t<div class=\"elementor-element elementor-element-246b7fe elementor-widget__width-inherit elementor-widget elementor-widget-jet-form-builder-form\" data-id=\"246b7fe\" data-element_type=\"widget\" data-e-type=\"widget\" data-widget_type=\"jet-form-builder-form.default\">\n\t\t\t\t<div class=\"elementor-widget-container\">\n\t\t\t\t\t<link rel='stylesheet' id='wp-block-library-css' href='https:\/\/fortal.ee\/wp-includes\/css\/dist\/block-library\/style.min.css?ver=6.9.4' media='all' \/>\n<style id=\"jet-form-builder-749-inline-css\"><\/style><form  class=\"jet-form-builder layout-column submit-type-reload\" action=\"https:\/\/fortal.ee\/en\/wp-json\/wp\/v2\/pages\/745\/?0mB0Sr=5Vq7wG2hwx&amp;method=reload\" method=\"POST\" data-form-id=\"749\" data-layout=\"column\" enctype=\"multipart\/form-data\" data-clear=\"1\" novalidate=\"null\" ssr_validation_method=\"rest\">\r\n<input type=\"hidden\" name=\"_jfb_current_render_states[]\" value=\"DEFAULT.STATE\" data-jfb-sync \/><input type=\"hidden\" class=\"jet-form-builder__field hidden-field\" name=\"_jet_engine_booking_form_id\" data-field-name=\"_jet_engine_booking_form_id\" value=\"749\">\n<input type=\"hidden\" class=\"jet-form-builder__field hidden-field\" name=\"_jet_engine_refer\" data-field-name=\"_jet_engine_refer\" value=\"https:\/\/fortal.ee\/en\/wp-json\/wp\/v2\/pages\/745\/\">\n<input type=\"hidden\" class=\"jet-form-builder__field hidden-field\" name=\"__queried_post_id\" data-field-name=\"__queried_post_id\" value=\"745\">\n\n<p class=\"has-black-color has-text-color has-link-color wp-elements-b040da7cb4bb5647c60a7a97149696a8\"><strong>Fortal O\u00dc (Fortal\/Fortal Pro) masinate \u00fc\u00fcrilepingu \u00fcldtingimused<\/strong><\/p>\n\n\n\n<p class=\"has-black-color has-text-color has-link-color wp-elements-b313a459feb669d8b5218202f871ef08\">Kehtivad alates 01.01.2025<\/p>\n\n\n\n<p class=\"has-black-color has-text-color has-link-color wp-elements-8db83dd4b72b8204b21d59b5a5d3637d\">Lepingu <em>s\u00f5lmimise kuup\u00e4ev digitaalallkirjas<\/em><\/p>\n\n\n\n<figure class=\"wp-block-table is-style-regular\"><table class=\"has-black-color has-white-background-color has-text-color has-background has-link-color\"><tbody><tr><td rowspan=\"8\"><strong>\u00dc\u00dcRILE-ANDJA<\/strong> &nbsp;<\/td><td>\u00c4rinimi:<\/td><td><strong>FORTAL O\u00dc <\/strong>(edaspidi: <strong>\u00fc\u00fcrileandja<\/strong>)<\/td><\/tr><tr><td>Registrikood:<\/td><td>17140641<\/td><\/tr><tr><td>KMKR nr:<\/td><td>EE102813221<\/td><\/tr><tr><td>Asukoht:<\/td><td>M\u00f5isa tn 7, J\u00fcri alevik, Rae vald, Harju maakond,&nbsp;75301<\/td><\/tr><tr><td>Esindaja lepingu s\u00f5lmimisel:<\/td><td>volikirja\/p\u00f5hikirja alusel<\/td><\/tr><tr><td>Kontaktandmed:<\/td><td>Telefon: +372 5555 1274, e-post: rent@fortal.ee<\/td><\/tr><tr><td>Interneti kodulehek\u00fclg:<\/td><td>www.fortal.ee<\/td><\/tr><tr><td>Arvelduskonto nr (IBAN):<\/td><td>EE617700771011262124 (AS LHV Pank)<\/td><\/tr><\/tbody><\/table><\/figure>\n\n\n\n<p class=\"has-black-color has-text-color has-link-color wp-elements-34b0d0efcf68ee0131a53ad2ecc091f3\">ja<\/p>\n\n\n\n<p class=\"has-black-color has-text-color has-link-color wp-elements-384ded72c4fd01a355aa7cc9541a069f\"><strong>\u00dc\u00dcRNIK<\/strong><\/p>\n\n\n<div  class=\"jet-form-builder-row field-type-text-field\" >\n<div class=\"jet-form-builder__label\">\r\n<label class=\"jet-form-builder__label-text\" for=\"nimi_ari_voi_kodanikunimi\">Nimi (\u00e4ri- v\u00f5i kodanikunimi) <span class=\"jet-form-builder__required\">*<\/span><\/label><\/div><div class=\"jet-form-builder__field-wrap\">\n\t\t\t\t<input required=\"required\" name=\"nimi_ari_voi_kodanikunimi\" id=\"nimi_ari_voi_kodanikunimi\" type=\"text\" data-field-name=\"nimi_ari_voi_kodanikunimi\" class=\"jet-form-builder__field text-field\" data-jfb-sync=\"null\" autocomplete=\"off_9WVkxcnJ\">\n\t\t\t\t\t<\/div>\n<\/div>\n\n<div  class=\"jet-form-builder-row field-type-text-field\" >\n<div class=\"jet-form-builder__label\">\r\n<label class=\"jet-form-builder__label-text\" for=\"kood_registri_voi_isikukood\">Kood (registri- v\u00f5i isikukood): <span class=\"jet-form-builder__required\">*<\/span><\/label><\/div><div class=\"jet-form-builder__field-wrap\">\n\t\t\t\t<input required=\"required\" name=\"kood_registri_voi_isikukood\" id=\"kood_registri_voi_isikukood\" type=\"text\" data-field-name=\"kood_registri_voi_isikukood\" class=\"jet-form-builder__field text-field\" data-jfb-sync=\"null\" autocomplete=\"off_EAreSqzM\">\n\t\t\t\t\t<\/div>\n<\/div>\n\n<div  class=\"jet-form-builder-row field-type-text-field\" >\n<div class=\"jet-form-builder__label\">\r\n<label class=\"jet-form-builder__label-text\" for=\"kmkr_nr\">KMKR nr:<\/label><\/div><div class=\"jet-form-builder__field-wrap\">\n\t\t\t\t<input name=\"kmkr_nr\" id=\"kmkr_nr\" type=\"text\" data-field-name=\"kmkr_nr\" class=\"jet-form-builder__field text-field\" data-jfb-sync=\"null\" autocomplete=\"off_B3b8nE56\">\n\t\t\t\t\t<\/div>\n<\/div>\n\n<div  class=\"jet-form-builder-row field-type-text-field\" >\n<div class=\"jet-form-builder__label\">\r\n<label class=\"jet-form-builder__label-text\" for=\"aadress_asu_voi_elukoht\">Aadress (asu- v\u00f5i elukoht): <span class=\"jet-form-builder__required\">*<\/span><\/label><\/div><div class=\"jet-form-builder__field-wrap\">\n\t\t\t\t<input required=\"required\" name=\"aadress_asu_voi_elukoht\" id=\"aadress_asu_voi_elukoht\" type=\"text\" data-field-name=\"aadress_asu_voi_elukoht\" class=\"jet-form-builder__field text-field\" data-jfb-sync=\"null\" autocomplete=\"off_W4eZufR8\">\n\t\t\t\t\t<\/div>\n<\/div>\n\n<div  class=\"jet-form-builder-row field-type-text-field\" >\n<div class=\"jet-form-builder__label\">\r\n<label class=\"jet-form-builder__label-text\" for=\"esindaja_lepingu_solmimisel\">Esindaja lepingu s\u00f5lmimisel (nimi, isikukood): <span class=\"jet-form-builder__required\">*<\/span><\/label><\/div><div class=\"jet-form-builder__field-wrap\">\n\t\t\t\t<input required=\"required\" name=\"esindaja_lepingu_solmimisel\" id=\"esindaja_lepingu_solmimisel\" type=\"text\" data-field-name=\"esindaja_lepingu_solmimisel\" class=\"jet-form-builder__field text-field\" data-jfb-sync=\"null\" autocomplete=\"off_ahGJTDbx\">\n\t\t\t\t\t<\/div>\n<\/div>\n\n<div  class=\"jet-form-builder-row field-type-text-field\" >\n<div class=\"jet-form-builder__label\">\r\n<label class=\"jet-form-builder__label-text\" for=\"kontakt_telefon\">Kontakt telefon: <span class=\"jet-form-builder__required\">*<\/span><\/label><\/div><div class=\"jet-form-builder__field-wrap\">\n\t\t\t\t<input required=\"required\" name=\"kontakt_telefon\" id=\"kontakt_telefon\" type=\"text\" data-field-name=\"kontakt_telefon\" class=\"jet-form-builder__field text-field\" data-jfb-sync=\"null\" autocomplete=\"off_li3WMv86\">\n\t\t\t\t\t<\/div>\n<\/div>\n\n<div  class=\"jet-form-builder-row field-type-text-field\" >\n<div class=\"jet-form-builder__label\">\r\n<label class=\"jet-form-builder__label-text\" for=\"kontakt_e_post\">Kontakt e-post: <span class=\"jet-form-builder__required\">*<\/span><\/label><\/div><div class=\"jet-form-builder__field-wrap\">\n\t\t\t\t<input required=\"required\" name=\"kontakt_e_post\" id=\"kontakt_e_post\" type=\"text\" data-field-name=\"kontakt_e_post\" class=\"jet-form-builder__field text-field\" data-jfb-sync=\"null\" autocomplete=\"off_mX3CtTNn\">\n\t\t\t\t\t<\/div>\n<\/div>\n\n<div  class=\"jet-form-builder-row field-type-text-field\" >\n<div class=\"jet-form-builder__label\">\r\n<label class=\"jet-form-builder__label-text\" for=\"volitatud_esindaja_d_lepingu_taitmisel\">Volitatud esindaja(d) lepingu t\u00e4itmisel (nimi, isikukood): <span class=\"jet-form-builder__required\">*<\/span><\/label><\/div><div class=\"jet-form-builder__field-wrap\">\n\t\t\t\t<input required=\"required\" name=\"volitatud_esindaja_d_lepingu_taitmisel\" id=\"volitatud_esindaja_d_lepingu_taitmisel\" type=\"text\" data-field-name=\"volitatud_esindaja_d_lepingu_taitmisel\" class=\"jet-form-builder__field text-field\" data-jfb-sync=\"null\" autocomplete=\"off_afQEUwnC\">\n\t\t\t\t\t<\/div>\n<\/div>\n\n\n<div style=\"height:50px\" aria-hidden=\"true\" class=\"wp-block-spacer\"><\/div>\n\n\n<div  class=\"jet-form-builder-row field-type-submit-field\" >\n\t<div data-type=\"submit\" class=\"jet-form-builder__action-button-wrapper jet-form-builder__submit-wrap\">\n\t<button class=\"jet-form-builder__action-button jet-form-builder__submit submit-type-reload\" type=\"submit\">Saada<\/button>\n\t<\/div>\n\t\n<\/div>\t<div class=\"jet-form-builder-messages-wrap\" data-form-id=\"749\"><\/div>\n<\/form>\n\t\t\t\t<\/div>\n\t\t\t\t<\/div>\n\t\t\t\t\t<\/div>\n\t\t\t\t<\/div>\n\t\t\t\t<\/div>\n\t\t","protected":false},"excerpt":{"rendered":"<p>Rkm Team O\u00dc (Fortal\/Fortal Pro) masinate \u00fc\u00fcrilepingu \u00fcldtingimused Kehtivad alates 01.05.2024 Lepingu s\u00f5lmimise kuup\u00e4ev digitaalallkirjas \u00dc\u00dcRILE-ANDJA &nbsp; \u00c4rinimi: RKM TEAM O\u00dc (edaspidi: \u00fc\u00fcrileandja) Registrikood: 11533107 KMKR nr: EE101300599 Asukoht: Tondi tn 1, Kesklinna linnaosa, Tallinn, Harju maakond, 11313 Esindaja lepingu s\u00f5lmimisel: volikirja alusel Kontaktandmed: Telefon: +372 5555 4020, e-post: rent@fortal.ee Interneti kodulehek\u00fclg: www.fortal.ee Arvelduskonto nr [&hellip;]<\/p>\n","protected":false},"author":1,"featured_media":0,"parent":0,"menu_order":0,"comment_status":"closed","ping_status":"closed","template":"","meta":{"_acf_changed":false,"footnotes":""},"class_list":["post-745","page","type-page","status-publish","hentry"],"acf":[],"yoast_head":"<!-- This site is optimized with the Yoast SEO plugin v27.3 - https:\/\/yoast.com\/product\/yoast-seo-wordpress\/ -->\n<title>Cooperation agreement - Fortal<\/title>\n<meta name=\"robots\" content=\"index, follow, max-snippet:-1, max-image-preview:large, max-video-preview:-1\" \/>\n<link rel=\"canonical\" href=\"https:\/\/fortal.ee\/en\/cooperation-agreement\/\" \/>\n<meta property=\"og:locale\" content=\"en_US\" \/>\n<meta property=\"og:type\" content=\"article\" \/>\n<meta property=\"og:title\" content=\"Cooperation agreement - Fortal\" \/>\n<meta property=\"og:description\" content=\"Rkm Team O\u00dc (Fortal\/Fortal Pro) masinate \u00fc\u00fcrilepingu \u00fcldtingimused Kehtivad alates 01.05.2024 Lepingu s\u00f5lmimise kuup\u00e4ev digitaalallkirjas \u00dc\u00dcRILE-ANDJA &nbsp; \u00c4rinimi: RKM TEAM O\u00dc (edaspidi: \u00fc\u00fcrileandja) Registrikood: 11533107 KMKR nr: EE101300599 Asukoht: Tondi tn 1, Kesklinna linnaosa, Tallinn, Harju maakond, 11313 Esindaja lepingu s\u00f5lmimisel: volikirja alusel Kontaktandmed: Telefon: +372 5555 4020, e-post: rent@fortal.ee Interneti kodulehek\u00fclg: www.fortal.ee Arvelduskonto nr [&hellip;]\" \/>\n<meta property=\"og:url\" content=\"https:\/\/fortal.ee\/en\/cooperation-agreement\/\" \/>\n<meta property=\"og:site_name\" content=\"Fortal\" \/>\n<meta property=\"article:publisher\" content=\"https:\/\/www.facebook.com\/fortal.rent.eesti\" \/>\n<meta property=\"article:modified_time\" content=\"2024-07-10T16:41:22+00:00\" \/>\n<meta name=\"twitter:card\" content=\"summary_large_image\" \/>\n<script type=\"application\/ld+json\" class=\"yoast-schema-graph\">{\"@context\":\"https:\\\/\\\/schema.org\",\"@graph\":[{\"@type\":\"WebPage\",\"@id\":\"https:\\\/\\\/fortal.ee\\\/en\\\/cooperation-agreement\\\/\",\"url\":\"https:\\\/\\\/fortal.ee\\\/en\\\/cooperation-agreement\\\/\",\"name\":\"Cooperation agreement - Fortal\",\"isPartOf\":{\"@id\":\"https:\\\/\\\/fortal.ee\\\/en\\\/#website\"},\"datePublished\":\"2024-07-09T09:50:23+00:00\",\"dateModified\":\"2024-07-10T16:41:22+00:00\",\"breadcrumb\":{\"@id\":\"https:\\\/\\\/fortal.ee\\\/en\\\/cooperation-agreement\\\/#breadcrumb\"},\"inLanguage\":\"en-US\",\"potentialAction\":[{\"@type\":\"ReadAction\",\"target\":[\"https:\\\/\\\/fortal.ee\\\/en\\\/cooperation-agreement\\\/\"]}]},{\"@type\":\"BreadcrumbList\",\"@id\":\"https:\\\/\\\/fortal.ee\\\/en\\\/cooperation-agreement\\\/#breadcrumb\",\"itemListElement\":[{\"@type\":\"ListItem\",\"position\":1,\"name\":\"Home\",\"item\":\"https:\\\/\\\/fortal.ee\\\/en\\\/\"},{\"@type\":\"ListItem\",\"position\":2,\"name\":\"Cooperation agreement\"}]},{\"@type\":\"WebSite\",\"@id\":\"https:\\\/\\\/fortal.ee\\\/en\\\/#website\",\"url\":\"https:\\\/\\\/fortal.ee\\\/en\\\/\",\"name\":\"Fortal rasketehnika rent\",\"description\":\"Heavy equipment and construction equipment rental\",\"publisher\":{\"@id\":\"https:\\\/\\\/fortal.ee\\\/en\\\/#organization\"},\"potentialAction\":[{\"@type\":\"SearchAction\",\"target\":{\"@type\":\"EntryPoint\",\"urlTemplate\":\"https:\\\/\\\/fortal.ee\\\/en\\\/?s={search_term_string}\"},\"query-input\":{\"@type\":\"PropertyValueSpecification\",\"valueRequired\":true,\"valueName\":\"search_term_string\"}}],\"inLanguage\":\"en-US\"},{\"@type\":\"Organization\",\"@id\":\"https:\\\/\\\/fortal.ee\\\/en\\\/#organization\",\"name\":\"RKM Team O\u00dc\",\"url\":\"https:\\\/\\\/fortal.ee\\\/en\\\/\",\"logo\":{\"@type\":\"ImageObject\",\"inLanguage\":\"en-US\",\"@id\":\"https:\\\/\\\/fortal.ee\\\/en\\\/#\\\/schema\\\/logo\\\/image\\\/\",\"url\":\"https:\\\/\\\/fortal.ee\\\/wp-content\\\/uploads\\\/2024\\\/05\\\/fortal.svg\",\"contentUrl\":\"https:\\\/\\\/fortal.ee\\\/wp-content\\\/uploads\\\/2024\\\/05\\\/fortal.svg\",\"width\":245,\"height\":63,\"caption\":\"RKM Team O\u00dc\"},\"image\":{\"@id\":\"https:\\\/\\\/fortal.ee\\\/en\\\/#\\\/schema\\\/logo\\\/image\\\/\"},\"sameAs\":[\"https:\\\/\\\/www.facebook.com\\\/fortal.rent.eesti\",\"https:\\\/\\\/www.instagram.com\\\/fortalrent\",\"https:\\\/\\\/www.youtube.com\\\/@FortalRent\"]}]}<\/script>\n<!-- \/ Yoast SEO plugin. -->","yoast_head_json":{"title":"Cooperation agreement - Fortal","robots":{"index":"index","follow":"follow","max-snippet":"max-snippet:-1","max-image-preview":"max-image-preview:large","max-video-preview":"max-video-preview:-1"},"canonical":"https:\/\/fortal.ee\/en\/cooperation-agreement\/","og_locale":"en_US","og_type":"article","og_title":"Cooperation agreement - Fortal","og_description":"Rkm Team O\u00dc (Fortal\/Fortal Pro) masinate \u00fc\u00fcrilepingu \u00fcldtingimused Kehtivad alates 01.05.2024 Lepingu s\u00f5lmimise kuup\u00e4ev digitaalallkirjas \u00dc\u00dcRILE-ANDJA &nbsp; \u00c4rinimi: RKM TEAM O\u00dc (edaspidi: \u00fc\u00fcrileandja) Registrikood: 11533107 KMKR nr: EE101300599 Asukoht: Tondi tn 1, Kesklinna linnaosa, Tallinn, Harju maakond, 11313 Esindaja lepingu s\u00f5lmimisel: volikirja alusel Kontaktandmed: Telefon: +372 5555 4020, e-post: rent@fortal.ee Interneti kodulehek\u00fclg: www.fortal.ee Arvelduskonto nr [&hellip;]","og_url":"https:\/\/fortal.ee\/en\/cooperation-agreement\/","og_site_name":"Fortal","article_publisher":"https:\/\/www.facebook.com\/fortal.rent.eesti","article_modified_time":"2024-07-10T16:41:22+00:00","twitter_card":"summary_large_image","schema":{"@context":"https:\/\/schema.org","@graph":[{"@type":"WebPage","@id":"https:\/\/fortal.ee\/en\/cooperation-agreement\/","url":"https:\/\/fortal.ee\/en\/cooperation-agreement\/","name":"Cooperation agreement - Fortal","isPartOf":{"@id":"https:\/\/fortal.ee\/en\/#website"},"datePublished":"2024-07-09T09:50:23+00:00","dateModified":"2024-07-10T16:41:22+00:00","breadcrumb":{"@id":"https:\/\/fortal.ee\/en\/cooperation-agreement\/#breadcrumb"},"inLanguage":"en-US","potentialAction":[{"@type":"ReadAction","target":["https:\/\/fortal.ee\/en\/cooperation-agreement\/"]}]},{"@type":"BreadcrumbList","@id":"https:\/\/fortal.ee\/en\/cooperation-agreement\/#breadcrumb","itemListElement":[{"@type":"ListItem","position":1,"name":"Home","item":"https:\/\/fortal.ee\/en\/"},{"@type":"ListItem","position":2,"name":"Cooperation agreement"}]},{"@type":"WebSite","@id":"https:\/\/fortal.ee\/en\/#website","url":"https:\/\/fortal.ee\/en\/","name":"Fortal rasketehnika rent","description":"Heavy equipment and construction equipment rental","publisher":{"@id":"https:\/\/fortal.ee\/en\/#organization"},"potentialAction":[{"@type":"SearchAction","target":{"@type":"EntryPoint","urlTemplate":"https:\/\/fortal.ee\/en\/?s={search_term_string}"},"query-input":{"@type":"PropertyValueSpecification","valueRequired":true,"valueName":"search_term_string"}}],"inLanguage":"en-US"},{"@type":"Organization","@id":"https:\/\/fortal.ee\/en\/#organization","name":"RKM Team O\u00dc","url":"https:\/\/fortal.ee\/en\/","logo":{"@type":"ImageObject","inLanguage":"en-US","@id":"https:\/\/fortal.ee\/en\/#\/schema\/logo\/image\/","url":"https:\/\/fortal.ee\/wp-content\/uploads\/2024\/05\/fortal.svg","contentUrl":"https:\/\/fortal.ee\/wp-content\/uploads\/2024\/05\/fortal.svg","width":245,"height":63,"caption":"RKM Team O\u00dc"},"image":{"@id":"https:\/\/fortal.ee\/en\/#\/schema\/logo\/image\/"},"sameAs":["https:\/\/www.facebook.com\/fortal.rent.eesti","https:\/\/www.instagram.com\/fortalrent","https:\/\/www.youtube.com\/@FortalRent"]}]}},"_links":{"self":[{"href":"https:\/\/fortal.ee\/en\/wp-json\/wp\/v2\/pages\/745","targetHints":{"allow":["GET"]}}],"collection":[{"href":"https:\/\/fortal.ee\/en\/wp-json\/wp\/v2\/pages"}],"about":[{"href":"https:\/\/fortal.ee\/en\/wp-json\/wp\/v2\/types\/page"}],"author":[{"embeddable":true,"href":"https:\/\/fortal.ee\/en\/wp-json\/wp\/v2\/users\/1"}],"replies":[{"embeddable":true,"href":"https:\/\/fortal.ee\/en\/wp-json\/wp\/v2\/comments?post=745"}],"version-history":[{"count":4,"href":"https:\/\/fortal.ee\/en\/wp-json\/wp\/v2\/pages\/745\/revisions"}],"predecessor-version":[{"id":884,"href":"https:\/\/fortal.ee\/en\/wp-json\/wp\/v2\/pages\/745\/revisions\/884"}],"wp:attachment":[{"href":"https:\/\/fortal.ee\/en\/wp-json\/wp\/v2\/media?parent=745"}],"curies":[{"name":"wp","href":"https:\/\/api.w.org\/{rel}","templated":true}]}}